{"id":1916,"date":"2019-04-18T07:12:05","date_gmt":"2019-04-18T10:12:05","guid":{"rendered":"http:\/\/wpdemo.archiwp.com\/consultax\/?page_id=1916"},"modified":"2020-06-19T20:36:15","modified_gmt":"2020-06-19T23:36:15","slug":"home","status":"publish","type":"page","link":"https:\/\/litoraneaelevadores.com.br\/","title":{"rendered":"P\u00e1gina Principal"},"content":{"rendered":"<div class=\"wpb-content-wrapper\"><p>[vc_row][vc_column][rev_slider_vc alias=&#8221;home4&#8243;][\/vc_column][\/vc_row][vc_row el_class=&#8221;bg-second&#8221; css=&#8221;.vc_custom_1555470524461{padding-top: 28px !important;padding-bottom: 28px !important;}&#8221;][vc_column offset=&#8221;vc_col-md-9&#8243;][vc_column_text el_class=&#8221;text-light&#8221; css=&#8221;.vc_custom_1563735552054{margin-bottom: 0px !important;padding-top: 5px !important;}&#8221;]<\/p>\n<h3>Entre em contato <span class=\"lighter\">com um de nossos consultores.<\/span><\/h3>\n<p>[\/vc_column_text][vc_empty_space height=&#8221;20px&#8221; el_class=&#8221;lg-hidden&#8221;][\/vc_column][vc_column offset=&#8221;vc_col-md-3&#8243;]\n    <div class=\"text-right mobile-left\">\n        <a  class=\"btn   \" href=\"\/contato\" style=\"background-color:#ffffff;color:#00a7e1;\">CONTATO<\/a>\n    <\/div>\n\n    [\/vc_column][\/vc_row][vc_row el_class=&#8221;section-padd&#8221; css=&#8221;.vc_custom_1555472376004{background-color: #ffffff !important;}&#8221;][vc_column]\n    <div class=\"section-head \">\n                    <h6><span>SOBRE N\u00d3S<\/span><\/h6>\n                <h2 class=\"section-title\">A LITORANEA ELEVADORES<\/h2>\n            <\/div>\n\n[vc_empty_space height=&#8221;30px&#8221;][\/vc_column][vc_column width=&#8221;1\/2&#8243; offset=&#8221;vc_col-md-4&#8243;]\n        <div class=\"service-box icon-box bg-alt box-shadow-hover texto-justificado image \">\n                                <div class=\"content-box\">\n            <h4>Sobre N\u00f3s<\/h4>\n            <p>Oferecer solu\u00e7\u00f5es em instala\u00e7\u00e3o, manuten\u00e7\u00e3o e moderniza\u00e7\u00e3o de elevadores. Qualidade, seguran\u00e7a e \u00e9tica s\u00e3o primordiais para n\u00f3s.<\/p>\n                    <\/div>\n    <\/div>\n    \n    [vc_empty_space height=&#8221;20px&#8221; el_class=&#8221;lg-hidden&#8221;][\/vc_column][vc_column width=&#8221;1\/2&#8243; offset=&#8221;vc_col-md-4&#8243;]\n        <div class=\"service-box icon-box bg-alt box-shadow-hover texto-justificado image \">\n                                <div class=\"content-box\">\n            <h4>Miss\u00e3o<\/h4>\n            <p>Realizar com excel\u00eancia t\u00e9cnica e seguran\u00e7a servi\u00e7os e procedimentos sempre voltados \u00e1s necessidades de nossos clientes e parceiros.<\/p>\n                    <\/div>\n    <\/div>\n    \n    [vc_empty_space height=&#8221;20px&#8221; el_class=&#8221;lg-hidden&#8221;][\/vc_column][vc_column offset=&#8221;vc_col-md-4&#8243;]\n        <div class=\"service-box icon-box bg-alt box-shadow-hover texto-justificado image \">\n                                <div class=\"content-box\">\n            <h4>Vis\u00e3o<\/h4>\n            <p>Promover boa cidadania corporativa com o objetivo de alcan\u00e7ar e superar nossos objetivos a m\u00e9dio e longo prazo.<\/p>\n                    <\/div>\n    <\/div>\n    \n    [\/vc_column][\/vc_row][vc_row equal_height=&#8221;yes&#8221; content_placement=&#8221;middle&#8221; el_class=&#8221;section-padd-bot&#8221; css=&#8221;.vc_custom_1555473632131{background-color: #ffffff !important;}&#8221;][vc_column offset=&#8221;vc_col-lg-5 vc_col-md-6&#8243;]\n    <div class=\"section-head \">\n                    <h6><span>NOSSA HIST\u00d3RIOA<\/span><\/h6>\n                <h2 class=\"section-title\">Conhe\u00e7a um pouco<br \/>\nmais sobre n\u00f3s.<\/h2>\n            <\/div>\n\n[vc_column_text css=&#8221;.vc_custom_1563738358182{padding-bottom: 85px !important;}&#8221; el_class=&#8221;texto-justificado&#8221;]Fundada em 2009 a Litoranea \u00e9 movida pelo desafio de prover solu\u00e7\u00f5es capazes de impulsionar, ainda que indiretamente, o desenvolvimento econ\u00f4mico e social, nas edifica\u00e7\u00f5es de uso coletivo contidas em sua carteira de clientes entre eles, condom\u00ednios resid\u00eancias, bancos, construtoras, resid\u00eancias, industrias e v\u00e1rios outros segmentos, garantindo aos usu\u00e1rios, o funcionamento cont\u00ednuo dos elevadores com seguran\u00e7a, conforto e economia de energia el\u00e9trica, atrav\u00e9s da compet\u00eancia t\u00e9cnica, \u00e9tica, cordialidade e respeito \u00e0 diversidade.<\/p>\n<p>Somos uma sociedade de capital limitado, cujo acionista majorit\u00e1rio \u00e9 o compromisso em qualidade perante a nossos clientes e usu\u00e1rios destes sistemas de transporte cada dia mais presente na vida das pessoas.<\/p>\n<p>A Litoranea est\u00e1 regularmente registrada junto ao CREA e cadastrada e principais prefeituras municipais, e o prestando servi\u00e7os em assist\u00eancia t\u00e9cnica, instala\u00e7\u00e3o, moderniza\u00e7\u00e3o e decora\u00e7\u00e3o est\u00e9tica de elevadores.[\/vc_column_text][\/vc_column][vc_column offset=&#8221;vc_col-lg-offset-1 vc_col-lg-6 vc_col-md-offset-0 vc_col-md-6 vc_col-sm-offset-0&#8243;][vc_empty_space height=&#8221;40px&#8221; el_class=&#8221;lg-hidden&#8221;][vc_single_image image=&#8221;2137&#8243; img_size=&#8221;full&#8221; alignment=&#8221;center&#8221; css=&#8221;.vc_custom_1563738150062{margin-bottom: 0px !important;}&#8221; el_class=&#8221;radius&#8221;][\/vc_column][\/vc_row][vc_row el_class=&#8221;section-padd&#8221; css=&#8221;.vc_custom_1563738488913{background-color: #00a7e1 !important;background-position: center !important;background-repeat: no-repeat !important;background-size: cover !important;}&#8221;][vc_column offset=&#8221;vc_col-md-9&#8243;]\n    <div class=\"section-head  text-light\">\n                    <h6><span>FIQUE POR DENTRO<\/span><\/h6>\n                <h2 class=\"section-title\">Nossos Servi\u00e7os<\/h2>\n            <\/div>\n\n[\/vc_column][vc_column offset=&#8221;vc_col-md-3&#8243;][vc_empty_space height=&#8221;25px&#8221; el_class=&#8221;md-hidden sm-hidden&#8221;][vc_column_text el_class=&#8221;text-right mobile-left&#8221; css=&#8221;.vc_custom_1563753183302{margin-bottom: 0px !important;padding-top: 13px !important;}&#8221;]<a class=\"pagelink white\" href=\"\/servicos\">Todos os Servi\u00e7os<\/a>[\/vc_column_text][\/vc_column][vc_column][vc_empty_space height=&#8221;30px&#8221;][vc_row_inner][vc_column_inner width=&#8221;1\/2&#8243; offset=&#8221;vc_col-md-4&#8243; css=&#8221;.vc_custom_1555486233143{padding-right: 1px !important;padding-left: 0px !important;}&#8221;]\n    <a href=\"http:\/\/wpdemo.archiwp.com\/consultax\/services\/financial-projections\/\">    <div class=\"service-box icon-box  image transparent hover-box\">\n                                <div class=\"content-box\">\n            <h4>Suporte T\u00e9cnico<\/h4>\n            <p>Em virtude da grande variedade de marcas e modelos de elevadores existentes atualmente no mercado, possu\u00edmos t\u00e9cnicos especializados para cada tipo de elevador.<\/p>\n                    <\/div>\n    <\/div>\n    <\/a>\n    [vc_empty_space height=&#8221;1px&#8221;][\/vc_column_inner][vc_column_inner width=&#8221;1\/2&#8243; offset=&#8221;vc_col-md-4&#8243; css=&#8221;.vc_custom_1555487903528{padding-right: 1px !important;padding-left: 0px !important;}&#8221;]\n    <a href=\"http:\/\/wpdemo.archiwp.com\/consultax\/services\/audit-assurance\/\">    <div class=\"service-box icon-box  image transparent hover-box\">\n                                <div class=\"content-box\">\n            <h4>Pe\u00e7a de Reposi\u00e7\u00e3o<\/h4>\n            <p>Dispomos, em nossas instala\u00e7\u00f5es, de um amplo almoxarifado com diversos componentes, pe\u00e7as, de marcas variadas de elevadores, e dispositivos e acess\u00f3rios.<\/p>\n                    <\/div>\n    <\/div>\n    <\/a>\n    [vc_empty_space height=&#8221;1px&#8221;][\/vc_column_inner][vc_column_inner width=&#8221;1\/2&#8243; offset=&#8221;vc_col-md-4&#8243; css=&#8221;.vc_custom_1555487960055{padding-right: 1px !important;padding-left: 0px !important;}&#8221;]\n    <a href=\"http:\/\/wpdemo.archiwp.com\/consultax\/services\/trades-stocks\/\">    <div class=\"service-box icon-box  image transparent hover-box\">\n                                <div class=\"content-box\">\n            <h4>Oficina<\/h4>\n            <p>A oficina da Litoranea possui maquin\u00e1rios e equipamentos de \u00faltima gera\u00e7\u00e3o, al\u00e9m de uma equipe de engenheiros e t\u00e9cnicos habilitados para prestar total suporte.<\/p>\n                    <\/div>\n    <\/div>\n    <\/a>\n    [vc_empty_space height=&#8221;1px&#8221;][\/vc_column_inner][vc_column_inner width=&#8221;1\/2&#8243; offset=&#8221;vc_col-md-4&#8243; css=&#8221;.vc_custom_1555486403937{padding-right: 1px !important;padding-left: 0px !important;}&#8221;]\n    <a href=\"http:\/\/wpdemo.archiwp.com\/consultax\/services\/strategic-planning\/\">    <div class=\"service-box icon-box  image transparent hover-box\">\n                                <div class=\"content-box\">\n            <h4>Centro de Treinamento<\/h4>\n            <p>Contamos com um centro avan\u00e7ado de treinamento te\u00f3rico e pr\u00e1tico atrav\u00e9s de m\u00e9todos especificos de ensino que nos permite constantes atualiza\u00e7\u00f5es.<\/p>\n                    <\/div>\n    <\/div>\n    <\/a>\n    [vc_empty_space height=&#8221;1px&#8221; el_class=&#8221;lg-hidden&#8221;][\/vc_column_inner][vc_column_inner width=&#8221;1\/2&#8243; offset=&#8221;vc_col-md-4&#8243; css=&#8221;.vc_custom_1555488243448{padding-right: 1px !important;padding-left: 0px !important;}&#8221;]\n    <a href=\"http:\/\/wpdemo.archiwp.com\/consultax\/services\/bonds-commodities\/\">    <div class=\"service-box icon-box  image transparent hover-box\">\n                                <div class=\"content-box\">\n            <h4>Laborat\u00f3rios e Simuladores<\/h4>\n            <p>\u201cDiagn\u00f3stico r\u00e1pido e preciso diminuem o tempo de paralisa\u00e7\u00e3o e garantem o pleno funcionamento de equipamentos.\u201d<\/p>\n                    <\/div>\n    <\/div>\n    <\/a>\n    [vc_empty_space height=&#8221;1px&#8221; el_class=&#8221;lg-hidden&#8221;][\/vc_column_inner][vc_column_inner width=&#8221;1\/2&#8243; offset=&#8221;vc_col-md-4&#8243; css=&#8221;.vc_custom_1555488313423{padding-right: 1px !important;padding-left: 0px !important;}&#8221;]\n    <a href=\"http:\/\/wpdemo.archiwp.com\/consultax\/services\/taxes-and-efficiency\/\">    <div class=\"service-box icon-box  image transparent hover-box\">\n                                <div class=\"content-box\">\n            <h4>Atendimento 24 horas<\/h4>\n            <p>A Litoranea, com o objetivo de garantir toda a assist\u00eancia necess\u00e1ria aos seus clientes, uma Central de Atendimento ao Cliente 24 horas por dia.<\/p>\n                    <\/div>\n    <\/div>\n    <\/a>\n    [\/vc_column_inner][\/vc_row_inner][\/vc_column][\/vc_row][vc_row el_class=&#8221;section-padd&#8221; css=&#8221;.vc_custom_1563739219896{background-color: #eaeaea !important;}&#8221;][vc_column]\n    <div class=\"section-head \">\n                    <h6><span>BLOG<\/span><\/h6>\n                <h2 class=\"section-title\">Not\u00edcias & Novidades<\/h2>\n            <\/div>\n\n[vc_empty_space height=&#8221;30px&#8221;]    <div class=\"news-slider posts-grid row  s2\" data-show=\"2\" data-auto=\"\" data-dot=\"\">\n                    <div>\n                <article class=\"news-item content-area\">\n                    <div class=\"inner-item radius-top\">\n                                                    <div class=\"thumb-image\">\n                                <a href=\"https:\/\/litoraneaelevadores.com.br\/?p=2241\">\n                                    <img loading=\"lazy\" decoding=\"async\" width=\"200\" height=\"251\" src=\"https:\/\/litoraneaelevadores.com.br\/wp-content\/uploads\/2019\/07\/Restaurada-Matriz-de-S\u00e3o-Luiz-do-Paraitinga-\u00e9-reaberta.-200x251.jpg\" class=\"attachment-consultax-latest-news-thumbnail-second size-consultax-latest-news-thumbnail-second wp-post-image\" alt=\"\" \/>                                <\/a>\n                            <\/div>\n                                                <div class=\"inner-post radius-bottom\">\n                            <div class=\"entry-meta\">\n                                <span class=\"posted-on\"><time class=\"entry-date published\" datetime=\"2015-10-27T09:00:21-02:00\">27 de outubro de 2015<\/time><time class=\"updated\" datetime=\"\"><\/time><\/span><span class=\"posted-in\"><a href=\"https:\/\/litoraneaelevadores.com.br\/?cat=21\" rel=\"category\">Cases de Sucesso<\/a><\/span>                            <\/div>\n                            <h4 class=\"entry-title\">\n                                <a href=\"https:\/\/litoraneaelevadores.com.br\/?p=2241\">Restaurada, Matriz de S\u00e3o Luiz do Paraitinga \u00e9 reaberta.<\/a>\n                            <\/h4>\n                            <p>Ap\u00f3s quatro anos em reforma, um dos marcos hist\u00f3ricos e...<\/p>                                                        <a class=\"post-link\" href=\"https:\/\/litoraneaelevadores.com.br\/?p=2241\">\n                                Read more                            <\/a>\n                                                    <\/div>\n                    <\/div>\n                <\/article>\n            <\/div>\n                    <div>\n                <article class=\"news-item content-area\">\n                    <div class=\"inner-item radius-top\">\n                                                    <div class=\"thumb-image\">\n                                <a href=\"https:\/\/litoraneaelevadores.com.br\/?p=2235\">\n                                    <img loading=\"lazy\" decoding=\"async\" width=\"200\" height=\"251\" src=\"https:\/\/litoraneaelevadores.com.br\/wp-content\/uploads\/2019\/07\/Museu-Major-Novaes-Cruzeiro-200x251.jpg\" class=\"attachment-consultax-latest-news-thumbnail-second size-consultax-latest-news-thumbnail-second wp-post-image\" alt=\"\" \/>                                <\/a>\n                            <\/div>\n                                                <div class=\"inner-post radius-bottom\">\n                            <div class=\"entry-meta\">\n                                <span class=\"posted-on\"><time class=\"entry-date published\" datetime=\"2015-10-25T09:00:57-02:00\">25 de outubro de 2015<\/time><time class=\"updated\" datetime=\"\"><\/time><\/span><span class=\"posted-in\"><a href=\"https:\/\/litoraneaelevadores.com.br\/?cat=21\" rel=\"category\">Cases de Sucesso<\/a><\/span>                            <\/div>\n                            <h4 class=\"entry-title\">\n                                <a href=\"https:\/\/litoraneaelevadores.com.br\/?p=2235\">Museu Major Novaes &#8211; Cruzeiro<\/a>\n                            <\/h4>\n                            <p>Um dos s\u00edmbolos hist\u00f3ricos de Cruzeiro, o Museu Major Novaes,...<\/p>                                                        <a class=\"post-link\" href=\"https:\/\/litoraneaelevadores.com.br\/?p=2235\">\n                                Read more                            <\/a>\n                                                    <\/div>\n                    <\/div>\n                <\/article>\n            <\/div>\n                    <div>\n                <article class=\"news-item content-area\">\n                    <div class=\"inner-item radius-top\">\n                                                    <div class=\"thumb-image\">\n                                <a href=\"https:\/\/litoraneaelevadores.com.br\/?p=2238\">\n                                    <img loading=\"lazy\" decoding=\"async\" width=\"200\" height=\"251\" src=\"https:\/\/litoraneaelevadores.com.br\/wp-content\/uploads\/2019\/07\/Ap\u00f3s-7-anos-em-restaura\u00e7\u00e3o-igreja-de-1756-\u00e9-reinaugurada-no-centro-de-SP-200x251.jpg\" class=\"attachment-consultax-latest-news-thumbnail-second size-consultax-latest-news-thumbnail-second wp-post-image\" alt=\"\" \/>                                <\/a>\n                            <\/div>\n                                                <div class=\"inner-post radius-bottom\">\n                            <div class=\"entry-meta\">\n                                <span class=\"posted-on\"><time class=\"entry-date published\" datetime=\"2014-05-23T09:00:14-03:00\">23 de maio de 2014<\/time><time class=\"updated\" datetime=\"\"><\/time><\/span><span class=\"posted-in\"><a href=\"https:\/\/litoraneaelevadores.com.br\/?cat=21\" rel=\"category\">Cases de Sucesso<\/a><\/span>                            <\/div>\n                            <h4 class=\"entry-title\">\n                                <a href=\"https:\/\/litoraneaelevadores.com.br\/?p=2238\">Ap\u00f3s 7 anos em restaura\u00e7\u00e3o, igreja de 1756 \u00e9 reinaugurada no centro de SP<\/a>\n                            <\/h4>\n                            <p>A Litoranea elevadores contribuiu e participou do projeto de acessibilidade...<\/p>                                                        <a class=\"post-link\" href=\"https:\/\/litoraneaelevadores.com.br\/?p=2238\">\n                                Read more                            <\/a>\n                                                    <\/div>\n                    <\/div>\n                <\/article>\n            <\/div>\n            <\/div>\n\n    [\/vc_column][\/vc_row][vc_row css=&#8221;.vc_custom_1563739307198{padding-top: 40px !important;padding-bottom: 40px !important;background-color: #ffffff !important;}&#8221;][vc_column width=&#8221;2\/3&#8243;]\n    <div class=\"section-head \">\n                    <h6><span>SUCESSO<\/span><\/h6>\n                <h2 class=\"section-title\">NOSSOS CLIENTES<\/h2>\n            <\/div>\n\n[\/vc_column][vc_column width=&#8221;1\/3&#8243;][vc_column_text el_class=&#8221;text-right mobile-left&#8221; css=&#8221;.vc_custom_1563755653195{margin-bottom: 0px !important;padding-top: 13px !important;}&#8221;]<a class=\"pagelink\" href=\"\/clientes\">Todos os Clientes<\/a>[\/vc_column_text][\/vc_column][\/vc_row][vc_row css=&#8221;.vc_custom_1563755582409{background-color: #ffffff !important;}&#8221;][vc_column]\n    <div class=\"partner-slider image-carousel \" data-show=\"5\" data-arrow=\"false\">\n                <div>\n            <div class=\"partner-item text-center clearfix\">\n                <div class=\"inner\">\n                                            <div class=\"thumb\">\n                            <img loading=\"lazy\" decoding=\"async\" width=\"160\" height=\"105\" src=\"https:\/\/litoraneaelevadores.com.br\/wp-content\/uploads\/2019\/07\/hdl.jpg\" class=\"attachment-full size-full\" alt=\"\" \/>                        <\/div>\n                                    <\/div>\n            <\/div>\n        <\/div>\n                <div>\n            <div class=\"partner-item text-center clearfix\">\n                <div class=\"inner\">\n                                            <div class=\"thumb\">\n                            <img loading=\"lazy\" decoding=\"async\" width=\"160\" height=\"105\" src=\"https:\/\/litoraneaelevadores.com.br\/wp-content\/uploads\/2019\/07\/anhanguera.jpg\" class=\"attachment-full size-full\" alt=\"\" \/>                        <\/div>\n                                    <\/div>\n            <\/div>\n        <\/div>\n                <div>\n            <div class=\"partner-item text-center clearfix\">\n                <div class=\"inner\">\n                                            <div class=\"thumb\">\n                            <img loading=\"lazy\" decoding=\"async\" width=\"160\" height=\"105\" src=\"https:\/\/litoraneaelevadores.com.br\/wp-content\/uploads\/2019\/07\/krotons.jpg\" class=\"attachment-full size-full\" alt=\"\" \/>                        <\/div>\n                                    <\/div>\n            <\/div>\n        <\/div>\n                <div>\n            <div class=\"partner-item text-center clearfix\">\n                <div class=\"inner\">\n                                            <div class=\"thumb\">\n                            <img loading=\"lazy\" decoding=\"async\" width=\"160\" height=\"105\" src=\"https:\/\/litoraneaelevadores.com.br\/wp-content\/uploads\/2019\/07\/red.jpg\" class=\"attachment-full size-full\" alt=\"\" \/>                        <\/div>\n                                    <\/div>\n            <\/div>\n        <\/div>\n                <div>\n            <div class=\"partner-item text-center clearfix\">\n                <div class=\"inner\">\n                                            <div class=\"thumb\">\n                            <img loading=\"lazy\" decoding=\"async\" width=\"160\" height=\"105\" src=\"https:\/\/litoraneaelevadores.com.br\/wp-content\/uploads\/2019\/07\/yamaha.jpg\" class=\"attachment-full size-full\" alt=\"\" \/>                        <\/div>\n                                    <\/div>\n            <\/div>\n        <\/div>\n                <div>\n            <div class=\"partner-item text-center clearfix\">\n                <div class=\"inner\">\n                                            <div class=\"thumb\">\n                            <img loading=\"lazy\" decoding=\"async\" width=\"160\" height=\"105\" src=\"https:\/\/litoraneaelevadores.com.br\/wp-content\/uploads\/2019\/07\/bradesco.jpg\" class=\"attachment-full size-full\" alt=\"\" \/>                        <\/div>\n                                    <\/div>\n            <\/div>\n        <\/div>\n                <div>\n            <div class=\"partner-item text-center clearfix\">\n                <div class=\"inner\">\n                                            <div class=\"thumb\">\n                            <img loading=\"lazy\" decoding=\"async\" width=\"160\" height=\"105\" src=\"https:\/\/litoraneaelevadores.com.br\/wp-content\/uploads\/2019\/07\/ecovias.jpg\" class=\"attachment-full size-full\" alt=\"\" \/>                        <\/div>\n                                    <\/div>\n            <\/div>\n        <\/div>\n                <div>\n            <div class=\"partner-item text-center clearfix\">\n                <div class=\"inner\">\n                                            <div class=\"thumb\">\n                            <img loading=\"lazy\" decoding=\"async\" width=\"160\" height=\"105\" src=\"https:\/\/litoraneaelevadores.com.br\/wp-content\/uploads\/2019\/07\/metodo.jpg\" class=\"attachment-full size-full\" alt=\"\" \/>                        <\/div>\n                                    <\/div>\n            <\/div>\n        <\/div>\n                <div>\n            <div class=\"partner-item text-center clearfix\">\n                <div class=\"inner\">\n                                            <div class=\"thumb\">\n                            <img loading=\"lazy\" decoding=\"async\" width=\"160\" height=\"105\" src=\"https:\/\/litoraneaelevadores.com.br\/wp-content\/uploads\/2019\/07\/ct.jpg\" class=\"attachment-full size-full\" alt=\"\" \/>                        <\/div>\n                                    <\/div>\n            <\/div>\n        <\/div>\n            <\/div>\n\n    [vc_empty_space height=&#8221;30px&#8221;][\/vc_column][\/vc_row]<\/p>\n<\/div>","protected":false},"excerpt":{"rendered":"<p>[vc_row][vc_column][rev_slider_vc alias=&#8221;home4&#8243;][\/vc_column][\/vc_row][vc_row el_class=&#8221;bg-second&#8221; css=&#8221;.vc_custom_1555470524461{padding-top: 28px !important;padding-bottom: 28px !important;}&#8221;][vc_column offset=&#8221;vc_col-md-9&#8243;][vc_column_text el_class=&#8221;text-light&#8221; css=&#8221;.vc_custom_1563735552054{margin-bottom: 0px !important;padding-top: 5px !important;}&#8221;] Entre em contato com um de nossos consultores. [\/vc_column_text][vc_empty_space height=&#8221;20px&#8221; el_class=&#8221;lg-hidden&#8221;][\/vc_column][vc_column offset=&#8221;vc_col-md-3&#8243;][\/vc_column][\/vc_row][vc_row el_class=&#8221;section-padd&#8221; css=&#8221;.vc_custom_1555472376004{background-color: #ffffff !important;}&#8221;][vc_column][vc_empty_space height=&#8221;30px&#8221;][\/vc_column][vc_column width=&#8221;1\/2&#8243; offset=&#8221;vc_col-md-4&#8243;][vc_empty_space height=&#8221;20px&#8221; el_class=&#8221;lg-hidden&#8221;][\/vc_column][vc_column width=&#8221;1\/2&#8243; offset=&#8221;vc_col-md-4&#8243;][vc_empty_space height=&#8221;20px&#8221; el_class=&#8221;lg-hidden&#8221;][\/vc_column][vc_column offset=&#8221;vc_col-md-4&#8243;][\/vc_column][\/vc_row][vc_row equal_height=&#8221;yes&#8221; content_placement=&#8221;middle&#8221; el_class=&#8221;section-padd-bot&#8221; css=&#8221;.vc_custom_1555473632131{background-color: #ffffff !important;}&#8221;][vc_column offset=&#8221;vc_col-lg-5 vc_col-md-6&#8243;][vc_column_text css=&#8221;.vc_custom_1563738358182{padding-bottom: 85px !important;}&#8221; el_class=&#8221;texto-justificado&#8221;]Fundada em 2009 [&hellip;]<\/p>\n","protected":false},"author":1,"featured_media":0,"parent":0,"menu_order":0,"comment_status":"closed","ping_status":"closed","template":"","meta":{"footnotes":""},"class_list":["post-1916","page","type-page","status-publish","hentry"],"_links":{"self":[{"href":"https:\/\/litoraneaelevadores.com.br\/index.php?rest_route=\/wp\/v2\/pages\/1916"}],"collection":[{"href":"https:\/\/litoraneaelevadores.com.br\/index.php?rest_route=\/wp\/v2\/pages"}],"about":[{"href":"https:\/\/litoraneaelevadores.com.br\/index.php?rest_route=\/wp\/v2\/types\/page"}],"author":[{"embeddable":true,"href":"https:\/\/litoraneaelevadores.com.br\/index.php?rest_route=\/wp\/v2\/users\/1"}],"replies":[{"embeddable":true,"href":"https:\/\/litoraneaelevadores.com.br\/index.php?rest_route=%2Fwp%2Fv2%2Fcomments&post=1916"}],"version-history":[{"count":33,"href":"https:\/\/litoraneaelevadores.com.br\/index.php?rest_route=\/wp\/v2\/pages\/1916\/revisions"}],"predecessor-version":[{"id":2452,"href":"https:\/\/litoraneaelevadores.com.br\/index.php?rest_route=\/wp\/v2\/pages\/1916\/revisions\/2452"}],"wp:attachment":[{"href":"https:\/\/litoraneaelevadores.com.br\/index.php?rest_route=%2Fwp%2Fv2%2Fmedia&parent=1916"}],"curies":[{"name":"wp","href":"https:\/\/api.w.org\/{rel}","templated":true}]}}