{"id":2092,"date":"2019-07-21T11:49:22","date_gmt":"2019-07-21T14:49:22","guid":{"rendered":"http:\/\/162.241.133.128\/~litoraneaelevado\/?page_id=2092"},"modified":"2019-07-22T01:01:22","modified_gmt":"2019-07-22T04:01:22","slug":"modernizacao","status":"publish","type":"page","link":"https:\/\/litoraneaelevadores.com.br\/?page_id=2092","title":{"rendered":"Moderniza\u00e7\u00e3o"},"content":{"rendered":"<div class=\"wpb-content-wrapper\"><p>[vc_row el_class=&#8221;section-padd&#8221;][vc_column]\n    <div class=\"section-head \">\n                    <h6><span>NOSSOS SERVI\u00c7OS<\/span><\/h6>\n                <h2 class=\"section-title\">MODERNIZA\u00c7\u00c3O<\/h2>\n            <\/div>\n\n[vc_row_inner equal_height=&#8221;yes&#8221; content_placement=&#8221;middle&#8221; css=&#8221;.vc_custom_1563767603702{margin-bottom: 0px !important;border-bottom-width: 0px !important;padding-bottom: 0px !important;}&#8221;][vc_column_inner width=&#8221;1\/2&#8243; css=&#8221;.vc_custom_1553162476991{padding-top: 30px !important;padding-right: 30px !important;padding-bottom: 30px !important;padding-left: 30px !important;background-color: #f9f5f0 !important;}&#8221;][vc_column_text css=&#8221;.vc_custom_1563767744982{margin-bottom: 0px !important;}&#8221;]<\/p>\n<h4><span style=\"color: #000000;\">Moderniza\u00e7\u00e3o T\u00e9cnica<\/span><\/h4>\n<p>A Litoranea disp\u00f5e de projetos para atualiza\u00e7\u00e3o t\u00e9cnica personalizada para cada elevador que proporcionam seguran\u00e7a, confiabilidade e performance dos equipamentos, possibilitando uma redu\u00e7\u00e3o no custo de consumo de energia el\u00e9trica (cerca de 40%) al\u00e9m de reduzir tamb\u00e9m o custo operacional. Utilizando equipamentos e componentes de \u00faltima gera\u00e7\u00e3o, desenvolvemos projetos com base no custo x benef\u00edcio mais adequado, de acordo com a necessidade da edifica\u00e7\u00e3o. .[\/vc_column_text][\/vc_column_inner][vc_column_inner width=&#8221;1\/2&#8243; css=&#8221;.vc_custom_1563767783333{padding-top: 100px !important;padding-bottom: 135px !important;background-image: url(http:\/\/162.241.133.128\/~litoraneaelevado\/wp-content\/uploads\/2019\/07\/modernizacao_tecnica_litoranea_elevadores.jpg?id=2276) !important;background-position: center !important;background-repeat: no-repeat !important;background-size: cover !important;}&#8221;][\/vc_column_inner][vc_column_inner][vc_empty_space el_class=&#8221;lg-hidden md-hidden&#8221;][\/vc_column_inner][\/vc_row_inner][vc_row_inner equal_height=&#8221;yes&#8221; content_placement=&#8221;middle&#8221;][vc_column_inner width=&#8221;1\/2&#8243; css=&#8221;.vc_custom_1563767891602{padding-top: 100px !important;padding-bottom: 135px !important;background-image: url(http:\/\/162.241.133.128\/~litoraneaelevado\/wp-content\/uploads\/2019\/07\/modernizacao_estetica_litoranea_elevadores.jpg?id=2277) !important;background-position: center !important;background-repeat: no-repeat !important;background-size: cover !important;}&#8221;][\/vc_column_inner][vc_column_inner width=&#8221;1\/2&#8243; css=&#8221;.vc_custom_1553162476991{padding-top: 30px !important;padding-right: 30px !important;padding-bottom: 30px !important;padding-left: 30px !important;background-color: #f9f5f0 !important;}&#8221;][vc_column_text css=&#8221;.vc_custom_1563767835992{margin-bottom: 0px !important;}&#8221;]<\/p>\n<h4><span style=\"color: #000000;\">Moderniza\u00e7\u00e3o Est\u00e9ticao<\/span><\/h4>\n<p>A Litoranea mant\u00e9m uma especializada na elabora\u00e7\u00e3o de projetos e execu\u00e7\u00e3o para reforma est\u00e9tica no interior das cabinas de elevador. Al\u00e9m da diversidade de acabamento dispon\u00edvel, o cliente conta com total suporte t\u00e9cnico que permite um fino acabamento sem prejudicar o funcionamento dos equipamentos.[\/vc_column_text][\/vc_column_inner][vc_column_inner][vc_empty_space el_class=&#8221;lg-hidden md-hidden&#8221;][\/vc_column_inner][\/vc_row_inner][vc_row_inner equal_height=&#8221;yes&#8221; content_placement=&#8221;middle&#8221;][vc_column_inner width=&#8221;1\/2&#8243; css=&#8221;.vc_custom_1553162476991{padding-top: 30px !important;padding-right: 30px !important;padding-bottom: 30px !important;padding-left: 30px !important;background-color: #f9f5f0 !important;}&#8221;][vc_column_text css=&#8221;.vc_custom_1563767918948{margin-bottom: 0px !important;}&#8221;]<\/p>\n<h4><span style=\"color: #000000;\">Botoeiras<\/span><\/h4>\n<div class=\" span6\">\n<p align=\"justify\">Modernas e com design arrojado, voc\u00ea encontra as mais vari\u00e1veis op\u00e7\u00f5es de formas e materiais ideais para sua cabina e elevador.<\/p>\n<\/div>\n<p>[\/vc_column_text][\/vc_column_inner][vc_column_inner width=&#8221;1\/2&#8243; css=&#8221;.vc_custom_1563767977549{padding-top: 100px !important;padding-bottom: 135px !important;background-image: url(http:\/\/162.241.133.128\/~litoraneaelevado\/wp-content\/uploads\/2019\/07\/botoeiras_litoranea_elevadores_01.jpg?id=2278) !important;background-position: center !important;background-repeat: no-repeat !important;background-size: cover !important;}&#8221;][\/vc_column_inner][\/vc_row_inner][vc_empty_space el_class=&#8221;lg-hidden md-hidden&#8221;][vc_row_inner equal_height=&#8221;yes&#8221; content_placement=&#8221;middle&#8221;][vc_column_inner width=&#8221;1\/2&#8243; css=&#8221;.vc_custom_1563768037102{padding-top: 100px !important;padding-bottom: 135px !important;background-image: url(http:\/\/162.241.133.128\/~litoraneaelevado\/wp-content\/uploads\/2019\/07\/cabinas_litoranea_elevadores_01.jpg?id=2279) !important;background-position: center !important;background-repeat: no-repeat !important;background-size: cover !important;}&#8221;][\/vc_column_inner][vc_column_inner width=&#8221;1\/2&#8243; css=&#8221;.vc_custom_1553162476991{padding-top: 30px !important;padding-right: 30px !important;padding-bottom: 30px !important;padding-left: 30px !important;background-color: #f9f5f0 !important;}&#8221;][vc_column_text css=&#8221;.vc_custom_1563768012188{margin-bottom: 0px !important;}&#8221;]<\/p>\n<h4><span style=\"color: #000000;\">Cabinas<\/span><\/h4>\n<p>Cabinas estruturadas com materiais de alto padr\u00e3o e desenvolvidas com m\u00e3o de obra altamente qualificada.[\/vc_column_text][\/vc_column_inner][\/vc_row_inner][\/vc_column][\/vc_row][vc_row el_class=&#8221;section-padd&#8221; css=&#8221;.vc_custom_1563767591400{margin-top: 0px !important;border-top-width: 0px !important;padding-top: 50px !important;}&#8221;][vc_column]\n    <div class=\"section-head \">\n                    <h6><span>SUPORTE<\/span><\/h6>\n                <h2 class=\"section-title\">D\u00daVIDAS?<\/h2>\n            <\/div>\n\n[vc_empty_space height=&#8221;12px&#8221;][\/vc_column][vc_column width=&#8221;1\/2&#8243; offset=&#8221;vc_col-md-7&#8243;]<div role=\"form\" class=\"wpcf7\" id=\"wpcf7-f1128-o1\" lang=\"en-US\" dir=\"ltr\">\n<div class=\"screen-reader-response\"><p role=\"status\" aria-live=\"polite\" aria-atomic=\"true\"><\/p> <ul><\/ul><\/div>\n<form action=\"\/index.php?rest_route=%2Fwp%2Fv2%2Fpages%2F2092#wpcf7-f1128-o1\" method=\"post\" class=\"wpcf7-form init\" novalidate=\"novalidate\" data-status=\"init\">\n<div style=\"display: none;\">\n<input type=\"hidden\" name=\"_wpcf7\" value=\"1128\" \/>\n<input type=\"hidden\" name=\"_wpcf7_version\" value=\"5.3.2\" \/>\n<input type=\"hidden\" name=\"_wpcf7_locale\" value=\"en_US\" \/>\n<input type=\"hidden\" name=\"_wpcf7_unit_tag\" value=\"wpcf7-f1128-o1\" \/>\n<input type=\"hidden\" name=\"_wpcf7_container_post\" value=\"0\" \/>\n<input type=\"hidden\" name=\"_wpcf7_posted_data_hash\" value=\"\" \/>\n<\/div>\n<div class=\"row\">\n<div class=\"col-md-6\"><span class=\"wpcf7-form-control-wrap your-name\"><input type=\"text\" name=\"your-name\" value=\"\" size=\"40\" class=\"wpcf7-form-control wpcf7-text wpcf7-validates-as-required\" aria-required=\"true\" aria-invalid=\"false\" placeholder=\"Seu Nome\" \/><\/span><\/div>\n<div class=\"col-md-6\"><span class=\"wpcf7-form-control-wrap your-email\"><input type=\"email\" name=\"your-email\" value=\"\" size=\"40\" class=\"wpcf7-form-control wpcf7-text wpcf7-email wpcf7-validates-as-required wpcf7-validates-as-email\" aria-required=\"true\" aria-invalid=\"false\" placeholder=\"Email\" \/><\/span><\/div>\n<\/div>\n<div class=\"contact-mess\"><span class=\"wpcf7-form-control-wrap your-message\"><textarea name=\"your-message\" cols=\"40\" rows=\"10\" class=\"wpcf7-form-control wpcf7-textarea wpcf7-validates-as-required\" aria-required=\"true\" aria-invalid=\"false\" placeholder=\"Mensagem\"><\/textarea><\/span><\/div>\n<p><input type=\"submit\" value=\"Enviar\" class=\"wpcf7-form-control wpcf7-submit btn\" \/><\/p>\n<div class=\"wpcf7-response-output\" aria-hidden=\"true\"><\/div><\/form><\/div>[vc_empty_space height=&#8221;30px&#8221; el_class=&#8221;lg-hidden md-hidden&#8221;][\/vc_column][vc_column width=&#8221;1\/2&#8243; offset=&#8221;vc_col-md-5&#8243; css=&#8221;.vc_custom_1563767444543{padding-top: 20px !important;padding-right: 20px !important;padding-bottom: 20px !important;padding-left: 20px !important;background-image: url(http:\/\/162.241.133.128\/~litoraneaelevado\/wp-content\/uploads\/2019\/03\/bg-contact.jpg?id=1133) !important;}&#8221;]\n        <div class=\"service-box icon-box   transparent hover-box\">\n                                <div class=\"content-box\">\n            <h4>Matriz - Praia Grande, SP<\/h4>\n            <p>Rua Guarani, 512 \u2013 CEP 11703-080<br \/>\nVila Tupi \u2013 Praia Grande \u2013 SP<br \/>\nFone: (13) 3472-8080<\/p>\n                    <\/div>\n    <\/div>\n    \n    \n        <div class=\"service-box icon-box   transparent hover-box\">\n                                <div class=\"content-box\">\n            <h4>Filial - S\u00e3o Paulo<\/h4>\n            <p>Pra\u00e7a M\u00e1rio Guindani, 60 \u2013 CEP 09220-690<br \/>\nSanto Andr\u00e9 \u2013 SP<br \/>\nFone: (11) 3796-0045<\/p>\n                    <\/div>\n    <\/div>\n    \n    [\/vc_column][\/vc_row]<\/p>\n<\/div>","protected":false},"excerpt":{"rendered":"<p>[vc_row el_class=&#8221;section-padd&#8221;][vc_column][vc_row_inner equal_height=&#8221;yes&#8221; content_placement=&#8221;middle&#8221; css=&#8221;.vc_custom_1563767603702{margin-bottom: 0px !important;border-bottom-width: 0px !important;padding-bottom: 0px !important;}&#8221;][vc_column_inner width=&#8221;1\/2&#8243; css=&#8221;.vc_custom_1553162476991{padding-top: 30px !important;padding-right: 30px !important;padding-bottom: 30px !important;padding-left: 30px !important;background-color: #f9f5f0 !important;}&#8221;][vc_column_text css=&#8221;.vc_custom_1563767744982{margin-bottom: 0px !important;}&#8221;] Moderniza\u00e7\u00e3o T\u00e9cnica A Litoranea disp\u00f5e de projetos para atualiza\u00e7\u00e3o t\u00e9cnica personalizada para cada elevador que proporcionam seguran\u00e7a, confiabilidade e performance dos equipamentos, possibilitando uma redu\u00e7\u00e3o no custo de consumo [&hellip;]<\/p>\n","protected":false},"author":1,"featured_media":0,"parent":0,"menu_order":0,"comment_status":"closed","ping_status":"closed","template":"","meta":{"footnotes":""},"class_list":["post-2092","page","type-page","status-publish","hentry"],"_links":{"self":[{"href":"https:\/\/litoraneaelevadores.com.br\/index.php?rest_route=\/wp\/v2\/pages\/2092"}],"collection":[{"href":"https:\/\/litoraneaelevadores.com.br\/index.php?rest_route=\/wp\/v2\/pages"}],"about":[{"href":"https:\/\/litoraneaelevadores.com.br\/index.php?rest_route=\/wp\/v2\/types\/page"}],"author":[{"embeddable":true,"href":"https:\/\/litoraneaelevadores.com.br\/index.php?rest_route=\/wp\/v2\/users\/1"}],"replies":[{"embeddable":true,"href":"https:\/\/litoraneaelevadores.com.br\/index.php?rest_route=%2Fwp%2Fv2%2Fcomments&post=2092"}],"version-history":[{"count":3,"href":"https:\/\/litoraneaelevadores.com.br\/index.php?rest_route=\/wp\/v2\/pages\/2092\/revisions"}],"predecessor-version":[{"id":2280,"href":"https:\/\/litoraneaelevadores.com.br\/index.php?rest_route=\/wp\/v2\/pages\/2092\/revisions\/2280"}],"wp:attachment":[{"href":"https:\/\/litoraneaelevadores.com.br\/index.php?rest_route=%2Fwp%2Fv2%2Fmedia&parent=2092"}],"curies":[{"name":"wp","href":"https:\/\/api.w.org\/{rel}","templated":true}]}}