{"id":2344,"date":"2019-07-22T01:41:52","date_gmt":"2019-07-22T04:41:52","guid":{"rendered":"http:\/\/162.241.133.128\/~litoraneaelevado\/?page_id=2344"},"modified":"2019-07-22T01:51:54","modified_gmt":"2019-07-22T04:51:54","slug":"monta-cargas-e-monta-pratos","status":"publish","type":"page","link":"https:\/\/litoraneaelevadores.com.br\/?page_id=2344","title":{"rendered":"Monta-Cargas e Monta-Pratos"},"content":{"rendered":"<div class=\"wpb-content-wrapper\"><p>[vc_row el_class=&#8221;section-padd&#8221; css=&#8221;.vc_custom_1563769399901{margin-bottom: 0px !important;border-bottom-width: 0px !important;padding-bottom: 0px !important;}&#8221;][vc_column]\n    <div class=\"section-head \">\n                    <h6><span>ELEVADORES<\/span><\/h6>\n                <h2 class=\"section-title\">MONTA CARGA E MONTA PRATOS<\/h2>\n            <\/div>\n\n[vc_row_inner equal_height=&#8221;yes&#8221; content_placement=&#8221;middle&#8221; css=&#8221;.vc_custom_1563767603702{margin-bottom: 0px !important;border-bottom-width: 0px !important;padding-bottom: 0px !important;}&#8221;][vc_column_inner width=&#8221;1\/2&#8243; css=&#8221;.vc_custom_1553162476991{padding-top: 30px !important;padding-right: 30px !important;padding-bottom: 30px !important;padding-left: 30px !important;background-color: #f9f5f0 !important;}&#8221;][vc_column_text css=&#8221;.vc_custom_1563770414002{margin-bottom: 0px !important;}&#8221;]<\/p>\n<p class=\"sp-blocknumber\">Projetados para atender o transporte de pequenas cargas restaurantes, laborat\u00f3rios, bancos e outros. Acabamento em a\u00e7o inox ou chapa pintada.<\/p>\n<p class=\"sp-blocknumber\">Capacidade: 100, 200 e 300 Kg<\/p>\n<p>[\/vc_column_text][\/vc_column_inner][vc_column_inner width=&#8221;1\/2&#8243; css=&#8221;.vc_custom_1563770454079{padding-top: 100px !important;padding-bottom: 135px !important;background-image: url(http:\/\/162.241.133.128\/~litoraneaelevado\/wp-content\/uploads\/2019\/07\/litoranea_elevadores_01-6.jpg?id=2345) !important;background-position: center !important;background-repeat: no-repeat !important;background-size: cover !important;}&#8221;][\/vc_column_inner][\/vc_row_inner][vc_row_inner][vc_column_inner][vc_gallery type=&#8221;image_grid&#8221; images=&#8221;2346,2347,2348&#8243;][\/vc_column_inner][\/vc_row_inner][vc_row_inner css=&#8221;.vc_custom_1563769388476{margin-bottom: 0px !important;border-bottom-width: 0px !important;padding-bottom: 0px !important;}&#8221;][vc_column_inner width=&#8221;1\/2&#8243;][vc_column_text]<\/p>\n<h4>A Litoranea Elevadores<\/h4>\n<p>A Litoranea possui solu\u00e7\u00f5es eficientes em transporte vertical para acessibilidade, condom\u00ednios, resid\u00eancias, com\u00e9rcio e ind\u00fastria.\u00a0E, para atender com a mais alta qualidade este mercado, a Litoranea agora \u00e9 Credenciada GMV &#8211; LA, oferecendo produtos mundialmente reconhecidos por sua excel\u00eancia tecnol\u00f3gica, design e alto n\u00edvel de acabamento.<\/p>\n<h4>Credenciamento GMV &#8211; LA<\/h4>\n<p><img loading=\"lazy\" decoding=\"async\" class=\"size-medium wp-image-2206 alignleft\" src=\"http:\/\/162.241.133.128\/~litoraneaelevado\/wp-content\/uploads\/2019\/07\/credenciamento-gmv-la-litoranea-elevadores-300x181.jpg\" alt=\"\" width=\"300\" height=\"181\" srcset=\"https:\/\/litoraneaelevadores.com.br\/wp-content\/uploads\/2019\/07\/credenciamento-gmv-la-litoranea-elevadores-300x181.jpg 300w, https:\/\/litoraneaelevadores.com.br\/wp-content\/uploads\/2019\/07\/credenciamento-gmv-la-litoranea-elevadores.jpg 318w\" sizes=\"(max-width: 300px) 100vw, 300px\" \/>A GMV \u00e9 lider mundial de mercado em vendas e em tecnologia aplicada, com 60 anos de atua\u00e7\u00e3o e fabrica cerca de 20 mil grupos componentes\/ano, tendo produzido e comercializado mais de 750.000 elevadores. experi\u00eancia e tecnologia s\u00e3o as ferramentas para o desenvolvimento de solu\u00e7\u00f5es de movimenta\u00e7\u00e3o urbana na cria\u00e7\u00e3o de um futuro pr\u00e1tico e sustent\u00e1vel. A qualidade \u00e9 orientada para a vida: durabilidade e efici\u00eancia dos produtos, seguran\u00e7a e conforto aos usu\u00e1rios e preserva\u00e7\u00e3o do meio ambiente.[\/vc_column_text][\/vc_column_inner][vc_column_inner width=&#8221;1\/2&#8243;][vc_column_text]Os elevadores Litoranea s\u00e3o produtos sob medida, aliando avan\u00e7adas engenharias para proporcionar atendimento efetivo a toda cadeia de clientes:<\/p>\n<ol>\n<li>Para os passageiros isso significa menor tempo de espera, maior seguran\u00e7a e conforto na viagem, com n\u00edveis m\u00ednimos de ru\u00eddo e suavidade nas acelera\u00e7\u00f5es e desacelera\u00e7\u00f5es.<\/li>\n<li><\/li>\n<li>Para os condom\u00ednios isso significa tr\u00e1fego otimizado, economia de energia, m\u00ednimo \u00edndice de manuten\u00e7\u00e3o e auto sufici\u00eancia operacional.<\/li>\n<li><\/li>\n<li>Para as construtoras isso significa produtos de alta qualidade e desempenho, custos de obra reduzidos e adequados prazos de entrega e instala\u00e7\u00e3o.<\/li>\n<\/ol>\n<p>A Litoranea oferece elevadores e plataformas, Hidr\u00e1ulicos ou El\u00e9tricos, com ou sem casa de m\u00e1quinas: para passageiros, panor\u00e2micos, de carga, para autom\u00f3veis&#8230; Al\u00e9m de elevadores especialmente desenvolvidos para uso em, ind\u00fastrias de ambientes est\u00e9reis, hospitais entre outros.<\/p>\n<p>Os elevadores GMV \u2013 Possuem garantia de 10 anos, resgate autom\u00e1tico de emerg\u00eancia, menor caixa de corrida do mercado, gerando economias por m\u00b2 aos construtores, baixo consumo de energia, baixo ru\u00eddo,menor \u00edndice de ru\u00eddos, design Italiano, todos os itens de seguran\u00e7a homologados pela comunidade Europ\u00e9ia &#8211; CE[\/vc_column_text][\/vc_column_inner][\/vc_row_inner][\/vc_column][\/vc_row][vc_row el_class=&#8221;section-padd&#8221; css=&#8221;.vc_custom_1563769437892{margin-top: 0px !important;border-top-width: 0px !important;padding-top: 50px !important;}&#8221;][vc_column]\n    <div class=\"section-head \">\n                    <h6><span>SUPORTE<\/span><\/h6>\n                <h2 class=\"section-title\">D\u00daVIDAS?<\/h2>\n            <\/div>\n\n[vc_empty_space height=&#8221;12px&#8221;][\/vc_column][vc_column width=&#8221;1\/2&#8243; offset=&#8221;vc_col-md-7&#8243;]<div role=\"form\" class=\"wpcf7\" id=\"wpcf7-f1128-o1\" lang=\"en-US\" dir=\"ltr\">\n<div class=\"screen-reader-response\"><p role=\"status\" aria-live=\"polite\" aria-atomic=\"true\"><\/p> <ul><\/ul><\/div>\n<form action=\"\/index.php?rest_route=%2Fwp%2Fv2%2Fpages%2F2344#wpcf7-f1128-o1\" method=\"post\" class=\"wpcf7-form init\" novalidate=\"novalidate\" data-status=\"init\">\n<div style=\"display: none;\">\n<input type=\"hidden\" name=\"_wpcf7\" value=\"1128\" \/>\n<input type=\"hidden\" name=\"_wpcf7_version\" value=\"5.3.2\" \/>\n<input type=\"hidden\" name=\"_wpcf7_locale\" value=\"en_US\" \/>\n<input type=\"hidden\" name=\"_wpcf7_unit_tag\" value=\"wpcf7-f1128-o1\" \/>\n<input type=\"hidden\" name=\"_wpcf7_container_post\" value=\"0\" \/>\n<input type=\"hidden\" name=\"_wpcf7_posted_data_hash\" value=\"\" \/>\n<\/div>\n<div class=\"row\">\n<div class=\"col-md-6\"><span class=\"wpcf7-form-control-wrap your-name\"><input type=\"text\" name=\"your-name\" value=\"\" size=\"40\" class=\"wpcf7-form-control wpcf7-text wpcf7-validates-as-required\" aria-required=\"true\" aria-invalid=\"false\" placeholder=\"Seu Nome\" \/><\/span><\/div>\n<div class=\"col-md-6\"><span class=\"wpcf7-form-control-wrap your-email\"><input type=\"email\" name=\"your-email\" value=\"\" size=\"40\" class=\"wpcf7-form-control wpcf7-text wpcf7-email wpcf7-validates-as-required wpcf7-validates-as-email\" aria-required=\"true\" aria-invalid=\"false\" placeholder=\"Email\" \/><\/span><\/div>\n<\/div>\n<div class=\"contact-mess\"><span class=\"wpcf7-form-control-wrap your-message\"><textarea name=\"your-message\" cols=\"40\" rows=\"10\" class=\"wpcf7-form-control wpcf7-textarea wpcf7-validates-as-required\" aria-required=\"true\" aria-invalid=\"false\" placeholder=\"Mensagem\"><\/textarea><\/span><\/div>\n<p><input type=\"submit\" value=\"Enviar\" class=\"wpcf7-form-control wpcf7-submit btn\" \/><\/p>\n<div class=\"wpcf7-response-output\" aria-hidden=\"true\"><\/div><\/form><\/div>[vc_empty_space height=&#8221;30px&#8221; el_class=&#8221;lg-hidden md-hidden&#8221;][\/vc_column][vc_column width=&#8221;1\/2&#8243; offset=&#8221;vc_col-md-5&#8243; css=&#8221;.vc_custom_1563767444543{padding-top: 20px !important;padding-right: 20px !important;padding-bottom: 20px !important;padding-left: 20px !important;background-image: url(http:\/\/162.241.133.128\/~litoraneaelevado\/wp-content\/uploads\/2019\/03\/bg-contact.jpg?id=1133) !important;}&#8221;]\n        <div class=\"service-box icon-box   transparent hover-box\">\n                                <div class=\"content-box\">\n            <h4>Matriz - Praia Grande, SP<\/h4>\n            <p>Rua Guarani, 512 \u2013 CEP 11703-080<br \/>\nVila Tupi \u2013 Praia Grande \u2013 SP<br \/>\nFone: (13) 3472-8080<\/p>\n                    <\/div>\n    <\/div>\n    \n    \n        <div class=\"service-box icon-box   transparent hover-box\">\n                                <div class=\"content-box\">\n            <h4>Filial - S\u00e3o Paulo<\/h4>\n            <p>Pra\u00e7a M\u00e1rio Guindani, 60 \u2013 CEP 09220-690<br \/>\nSanto Andr\u00e9 \u2013 SP<br \/>\nFone: (11) 3796-0045<\/p>\n                    <\/div>\n    <\/div>\n    \n    [\/vc_column][\/vc_row]<\/p>\n<\/div>","protected":false},"excerpt":{"rendered":"<p>[vc_row el_class=&#8221;section-padd&#8221; css=&#8221;.vc_custom_1563769399901{margin-bottom: 0px !important;border-bottom-width: 0px !important;padding-bottom: 0px !important;}&#8221;][vc_column][vc_row_inner equal_height=&#8221;yes&#8221; content_placement=&#8221;middle&#8221; css=&#8221;.vc_custom_1563767603702{margin-bottom: 0px !important;border-bottom-width: 0px !important;padding-bottom: 0px !important;}&#8221;][vc_column_inner width=&#8221;1\/2&#8243; css=&#8221;.vc_custom_1553162476991{padding-top: 30px !important;padding-right: 30px !important;padding-bottom: 30px !important;padding-left: 30px !important;background-color: #f9f5f0 !important;}&#8221;][vc_column_text css=&#8221;.vc_custom_1563770414002{margin-bottom: 0px !important;}&#8221;] Projetados para atender o transporte de pequenas cargas restaurantes, laborat\u00f3rios, bancos e outros. Acabamento em a\u00e7o inox ou chapa pintada. Capacidade: 100, [&hellip;]<\/p>\n","protected":false},"author":1,"featured_media":0,"parent":0,"menu_order":0,"comment_status":"closed","ping_status":"closed","template":"","meta":{"footnotes":""},"class_list":["post-2344","page","type-page","status-publish","hentry"],"_links":{"self":[{"href":"https:\/\/litoraneaelevadores.com.br\/index.php?rest_route=\/wp\/v2\/pages\/2344"}],"collection":[{"href":"https:\/\/litoraneaelevadores.com.br\/index.php?rest_route=\/wp\/v2\/pages"}],"about":[{"href":"https:\/\/litoraneaelevadores.com.br\/index.php?rest_route=\/wp\/v2\/types\/page"}],"author":[{"embeddable":true,"href":"https:\/\/litoraneaelevadores.com.br\/index.php?rest_route=\/wp\/v2\/users\/1"}],"replies":[{"embeddable":true,"href":"https:\/\/litoraneaelevadores.com.br\/index.php?rest_route=%2Fwp%2Fv2%2Fcomments&post=2344"}],"version-history":[{"count":2,"href":"https:\/\/litoraneaelevadores.com.br\/index.php?rest_route=\/wp\/v2\/pages\/2344\/revisions"}],"predecessor-version":[{"id":2373,"href":"https:\/\/litoraneaelevadores.com.br\/index.php?rest_route=\/wp\/v2\/pages\/2344\/revisions\/2373"}],"wp:attachment":[{"href":"https:\/\/litoraneaelevadores.com.br\/index.php?rest_route=%2Fwp%2Fv2%2Fmedia&parent=2344"}],"curies":[{"name":"wp","href":"https:\/\/api.w.org\/{rel}","templated":true}]}}